{"id":4075,"date":"2025-04-16T13:05:50","date_gmt":"2025-04-16T12:05:50","guid":{"rendered":"https:\/\/www.bidexka.eus\/?post_type=product&#038;p=4075"},"modified":"2025-04-16T13:13:09","modified_gmt":"2025-04-16T12:13:09","slug":"liberty","status":"publish","type":"product","link":"https:\/\/www.bidexka.eus\/eu\/produit\/liberty\/","title":{"rendered":"Liberty"},"content":{"rendered":"<p>Mati\u00e8res U.E. certifi\u00e9es Oeko-Tex standard 100\u00a0:<\/p>\n<ul>\n<li>Jersey stretch<\/li>\n<li>Doublure soft devant<\/li>\n<li>Ceinture \u00e9lastique 40mm imprim\u00e9e<\/li>\n<li>Etiquette int\u00e9rieure imprim\u00e9e<\/li>\n<\/ul>\n<p>Coutures flatlocks sans \u00e9paisseur et anti-friction pour un confort optimal.<\/p>\n<p>Impression et confection en France dans nos ateliers \u00e0 Anglet.<\/p>\n<p>Notre boxer Bidexka au motif sublim\u00e9 sans touch\u00e9 vous s\u00e9duira par son c\u00f4t\u00e9 ultra confortable et doux. Il vous permettra une grande libert\u00e9 de mouvements. Il est infroissable et s\u00e8che tr\u00e8s rapidement.<\/p>\n<p><img loading=\"lazy\" decoding=\"async\" class=\"alignnone size-full wp-image-3108\" src=\"https:\/\/www.bidexka.eus\/wp-content\/uploads\/2020\/11\/Image2.png\" alt=\"\" width=\"197\" height=\"30\" \/> <img loading=\"lazy\" decoding=\"async\" class=\"alignnone size-medium wp-image-3110\" src=\"https:\/\/www.bidexka.eus\/wp-content\/uploads\/2020\/11\/Image3-750x70.png\" alt=\"\" width=\"750\" height=\"70\" srcset=\"https:\/\/www.bidexka.eus\/wp-content\/uploads\/2020\/11\/Image3-750x70.png 750w, https:\/\/www.bidexka.eus\/wp-content\/uploads\/2020\/11\/Image3-400x37.png 400w, https:\/\/www.bidexka.eus\/wp-content\/uploads\/2020\/11\/Image3-800x75.png 800w, https:\/\/www.bidexka.eus\/wp-content\/uploads\/2020\/11\/Image3-1200x112.png 1200w, https:\/\/www.bidexka.eus\/wp-content\/uploads\/2020\/11\/Image3-1536x144.png 1536w, https:\/\/www.bidexka.eus\/wp-content\/uploads\/2020\/11\/Image3-1320x123.png 1320w, https:\/\/www.bidexka.eus\/wp-content\/uploads\/2020\/11\/Image3.png 1765w\" sizes=\"auto, (max-width: 750px) 100vw, 750px\" \/><\/p>\n","protected":false},"excerpt":{"rendered":"<p class=\"qtranxs-available-languages-message qtranxs-available-languages-message-eu\">Sentitzen dugu, baina sarrera hau %LANG-z:, : eta % bakarrik dago.<\/p>\n","protected":false},"featured_media":4098,"comment_status":"open","ping_status":"closed","template":"","meta":{"_acf_changed":false,"_monsterinsights_skip_tracking":false,"_monsterinsights_sitenote_active":false,"_monsterinsights_sitenote_note":"","_monsterinsights_sitenote_category":0},"product_brand":[],"product_cat":[35],"product_tag":[],"class_list":{"0":"post-4075","1":"product","2":"type-product","3":"status-publish","4":"has-post-thumbnail","6":"createur-60","7":"product_cat-humour","8":"pa_couleur-bleu","9":"pa_taille-l","10":"pa_taille-m","11":"pa_taille-s","12":"pa_taille-xl","13":"pa_taille-xs","14":"pa_type-de-produit-boxer","15":"post-item","16":"createur-43","18":"first","19":"instock","20":"taxable","21":"shipping-taxable","22":"purchasable","23":"product-type-variable"},"acf":[],"aioseo_notices":[],"_links":{"self":[{"href":"https:\/\/www.bidexka.eus\/eu\/wp-json\/wp\/v2\/product\/4075","targetHints":{"allow":["GET"]}}],"collection":[{"href":"https:\/\/www.bidexka.eus\/eu\/wp-json\/wp\/v2\/product"}],"about":[{"href":"https:\/\/www.bidexka.eus\/eu\/wp-json\/wp\/v2\/types\/product"}],"replies":[{"embeddable":true,"href":"https:\/\/www.bidexka.eus\/eu\/wp-json\/wp\/v2\/comments?post=4075"}],"wp:featuredmedia":[{"embeddable":true,"href":"https:\/\/www.bidexka.eus\/eu\/wp-json\/wp\/v2\/media\/4098"}],"wp:attachment":[{"href":"https:\/\/www.bidexka.eus\/eu\/wp-json\/wp\/v2\/media?parent=4075"}],"wp:term":[{"taxonomy":"product_brand","embeddable":true,"href":"https:\/\/www.bidexka.eus\/eu\/wp-json\/wp\/v2\/product_brand?post=4075"},{"taxonomy":"product_cat","embeddable":true,"href":"https:\/\/www.bidexka.eus\/eu\/wp-json\/wp\/v2\/product_cat?post=4075"},{"taxonomy":"product_tag","embeddable":true,"href":"https:\/\/www.bidexka.eus\/eu\/wp-json\/wp\/v2\/product_tag?post=4075"}],"curies":[{"name":"wp","href":"https:\/\/api.w.org\/{rel}","templated":true}]}}