{"id":4003,"date":"2024-10-25T12:32:49","date_gmt":"2024-10-25T11:32:49","guid":{"rendered":"https:\/\/www.bidexka.eus\/?post_type=product&#038;p=4003"},"modified":"2026-04-11T22:33:07","modified_gmt":"2026-04-11T21:33:07","slug":"boxer-femme-nor-nork","status":"publish","type":"product","link":"https:\/\/www.bidexka.eus\/eu\/produit\/boxer-femme-nor-nork\/","title":{"rendered":"Boxer Femme Nor Nork"},"content":{"rendered":"<p>Mati\u00e8res U.E. certifi\u00e9es Oeko-Tex standard 100\u00a0:<\/p>\n<ul>\n<li>Jersey stretch<\/li>\n<li>Etiquette int\u00e9rieure imprim\u00e9e<\/li>\n<\/ul>\n<p>Impression et confection en France dans nos ateliers \u00e0 Anglet.<\/p>\n<p>Notre boxer femme au motif sublim\u00e9 sans touch\u00e9 vous s\u00e9duira par son c\u00f4t\u00e9 ultra confortable et doux.<\/p>\n<p><img loading=\"lazy\" decoding=\"async\" class=\"alignnone size-full wp-image-3108\" src=\"https:\/\/www.bidexka.eus\/wp-content\/uploads\/2020\/11\/Image2.png\" alt=\"\" width=\"197\" height=\"30\" \/> <img loading=\"lazy\" decoding=\"async\" class=\"alignnone size-medium wp-image-3110\" src=\"https:\/\/www.bidexka.eus\/wp-content\/uploads\/2020\/11\/Image3-750x70.png\" alt=\"\" width=\"750\" height=\"70\" srcset=\"https:\/\/www.bidexka.eus\/wp-content\/uploads\/2020\/11\/Image3-750x70.png 750w, https:\/\/www.bidexka.eus\/wp-content\/uploads\/2020\/11\/Image3-400x37.png 400w, https:\/\/www.bidexka.eus\/wp-content\/uploads\/2020\/11\/Image3-800x75.png 800w, https:\/\/www.bidexka.eus\/wp-content\/uploads\/2020\/11\/Image3-1200x112.png 1200w, https:\/\/www.bidexka.eus\/wp-content\/uploads\/2020\/11\/Image3-1536x144.png 1536w, https:\/\/www.bidexka.eus\/wp-content\/uploads\/2020\/11\/Image3-1320x123.png 1320w, https:\/\/www.bidexka.eus\/wp-content\/uploads\/2020\/11\/Image3.png 1765w\" sizes=\"auto, (max-width: 750px) 100vw, 750px\" \/><\/p>\n","protected":false},"excerpt":{"rendered":"<p class=\"qtranxs-available-languages-message qtranxs-available-languages-message-eu\">Sentitzen dugu, baina sarrera hau %LANG-z:, : eta % bakarrik dago.<\/p>\n","protected":false},"featured_media":4029,"comment_status":"open","ping_status":"closed","template":"","meta":{"_acf_changed":false,"_monsterinsights_skip_tracking":false,"_monsterinsights_sitenote_active":false,"_monsterinsights_sitenote_note":"","_monsterinsights_sitenote_category":0},"product_brand":[],"product_cat":[33],"product_tag":[],"class_list":{"0":"post-4003","1":"product","2":"type-product","3":"status-publish","4":"has-post-thumbnail","6":"createur-ikusi","7":"product_cat-kulture","8":"pa_taille-l","9":"pa_taille-m","10":"pa_taille-s","11":"pa_taille-xl","12":"pa_taille-xs","13":"post-item","16":"first","17":"instock","18":"taxable","19":"shipping-taxable","20":"purchasable","21":"product-type-variable"},"acf":[],"aioseo_notices":[],"_links":{"self":[{"href":"https:\/\/www.bidexka.eus\/eu\/wp-json\/wp\/v2\/product\/4003","targetHints":{"allow":["GET"]}}],"collection":[{"href":"https:\/\/www.bidexka.eus\/eu\/wp-json\/wp\/v2\/product"}],"about":[{"href":"https:\/\/www.bidexka.eus\/eu\/wp-json\/wp\/v2\/types\/product"}],"replies":[{"embeddable":true,"href":"https:\/\/www.bidexka.eus\/eu\/wp-json\/wp\/v2\/comments?post=4003"}],"wp:featuredmedia":[{"embeddable":true,"href":"https:\/\/www.bidexka.eus\/eu\/wp-json\/wp\/v2\/media\/4029"}],"wp:attachment":[{"href":"https:\/\/www.bidexka.eus\/eu\/wp-json\/wp\/v2\/media?parent=4003"}],"wp:term":[{"taxonomy":"product_brand","embeddable":true,"href":"https:\/\/www.bidexka.eus\/eu\/wp-json\/wp\/v2\/product_brand?post=4003"},{"taxonomy":"product_cat","embeddable":true,"href":"https:\/\/www.bidexka.eus\/eu\/wp-json\/wp\/v2\/product_cat?post=4003"},{"taxonomy":"product_tag","embeddable":true,"href":"https:\/\/www.bidexka.eus\/eu\/wp-json\/wp\/v2\/product_tag?post=4003"}],"curies":[{"name":"wp","href":"https:\/\/api.w.org\/{rel}","templated":true}]}}