{"id":2386,"date":"2020-11-11T11:39:58","date_gmt":"2020-11-11T10:39:58","guid":{"rendered":"https:\/\/www.bidexka.eus\/?page_id=2386"},"modified":"2020-12-04T18:47:53","modified_gmt":"2020-12-04T17:47:53","slug":"la-marque","status":"publish","type":"page","link":"https:\/\/www.bidexka.eus\/eu\/la-marque\/","title":{"rendered":"Marka"},"content":{"rendered":"<h2><strong>Qui sommes nous\u00a0?<\/strong><\/h2>\n<p>Bidexka est d\u2019abord une invitation au voyage et au partage. On d\u00e9couvre ou red\u00e9couvre cette magie d\u2019emmener, avec soi, au quotidien, un petit morceau du Pays Basque. Chacun sa route, chacun son chemin, Bidexka propose une collection underwear eclectique, autour de nombreux th\u00e8mes d\u00e9velopp\u00e9s par diff\u00e9rents designers, graphistes, illustrateurs\u2026<\/p>\n<p><strong>Chacun le sien, Bakoitzari berea<\/strong><\/p>\n<p>Bidexka f\u00e9d\u00e8re son \u00e9nergie autour d\u2019entreprises d\u2019ici, afin de produire sa collection textile toute en douceur. Pour la fabrication, nous avons s\u00e9lectionn\u00e9 une entreprise locale, anim\u00e9e et reconnue pour son attachement \u00e0 produire en Iparralde. L\u2019ensemble des produits Bidexka est imprim\u00e9 et confectionn\u00e9 chez Zanzibar Production. R\u00e9guli\u00e8rement, pour venir sublimer la collection Bidean, nous s\u00e9lectionnerons des propositions de graphistes, ayant le souhait de nous donner leur vision du Pays Basque.<\/p>\n<p><strong>Chacun le sien, Bakoitzari berea<\/strong><\/p>\n<p>Parfois, souvent, r\u00e9guli\u00e8rement, al\u00e9atoirement, nous publierons des lieux qui nous ont plus, \u00e9merveill\u00e9s, s\u00e9duits, sans commentaires, un lien GPS en guise de carte aux tr\u00e9sors\u2026 Une invitation au voyage, un voyage au Pays o\u00f9 il reste encore tant \u00e0 d\u00e9couvrir\u00a0!!<\/p>\n<p>Et comme l\u2019a si bien \u00e9crit Jack Kerouack\u00a0:\u00a0<strong>On the road<\/strong><\/p>\n<p><strong>Bidean Eta Bakoitzari berea !<\/strong><\/p>\n","protected":false},"excerpt":{"rendered":"<p>Qui sommes nous\u00a0? Bidexka est d\u2019abord une invitation au voyage et au partage. On d\u00e9couvre ou red\u00e9couvre cette magie d\u2019emmener, avec soi, au quotidien, un petit morceau du Pays Basque. Chacun sa route, chacun son chemin, Bidexka propose une collection underwear eclectique, autour de nombreux th\u00e8mes d\u00e9velopp\u00e9s par diff\u00e9rents designers, graphistes, illustrateurs\u2026 Chacun le sien, [&hellip;]<\/p>\n","protected":false},"author":1,"featured_media":0,"parent":0,"menu_order":0,"comment_status":"closed","ping_status":"closed","template":"","meta":{"_acf_changed":false,"_monsterinsights_skip_tracking":false,"_monsterinsights_sitenote_active":false,"_monsterinsights_sitenote_note":"","_monsterinsights_sitenote_category":0,"footnotes":""},"class_list":["post-2386","page","type-page","status-publish","hentry","post-item"],"acf":[],"aioseo_notices":[],"_links":{"self":[{"href":"https:\/\/www.bidexka.eus\/eu\/wp-json\/wp\/v2\/pages\/2386","targetHints":{"allow":["GET"]}}],"collection":[{"href":"https:\/\/www.bidexka.eus\/eu\/wp-json\/wp\/v2\/pages"}],"about":[{"href":"https:\/\/www.bidexka.eus\/eu\/wp-json\/wp\/v2\/types\/page"}],"author":[{"embeddable":true,"href":"https:\/\/www.bidexka.eus\/eu\/wp-json\/wp\/v2\/users\/1"}],"replies":[{"embeddable":true,"href":"https:\/\/www.bidexka.eus\/eu\/wp-json\/wp\/v2\/comments?post=2386"}],"version-history":[{"count":7,"href":"https:\/\/www.bidexka.eus\/eu\/wp-json\/wp\/v2\/pages\/2386\/revisions"}],"predecessor-version":[{"id":3208,"href":"https:\/\/www.bidexka.eus\/eu\/wp-json\/wp\/v2\/pages\/2386\/revisions\/3208"}],"wp:attachment":[{"href":"https:\/\/www.bidexka.eus\/eu\/wp-json\/wp\/v2\/media?parent=2386"}],"curies":[{"name":"wp","href":"https:\/\/api.w.org\/{rel}","templated":true}]}}