{"id":2375,"date":"2020-11-14T14:05:59","date_gmt":"2020-11-14T13:05:59","guid":{"rendered":"https:\/\/www.bidexka.eus\/?page_id=2375"},"modified":"2025-11-19T09:22:27","modified_gmt":"2025-11-19T08:22:27","slug":"conditions-generales-de-vente","status":"publish","type":"page","link":"https:\/\/www.bidexka.eus\/eu\/conditions-generales-de-vente\/","title":{"rendered":"Salmenten baldintzak"},"content":{"rendered":"<h2><strong>1. Informations g\u00e9n\u00e9rales<\/strong><\/h2>\n<p><strong>La boutique en ligne https:\/\/www.bidexka.eus est \u00e9dit\u00e9e par la SARL ZANZIBAR PRODUCTION au capital de 47 020\u20ac RCS BAYONNE 435 367 404.<\/strong><\/p>\n<p>Si\u00e8ge social : Les Arches, 2 route de Pitoys, 64600 Anglet France.<\/p>\n<p>Nous veillons \u00e0 l\u2019exactitude et \u00e0 la mise \u00e0 jour de toutes les informations diffus\u00e9es sur notre Site, dont nous nous r\u00e9servons le droit de corriger, \u00e0 tout moment et sans pr\u00e9avis, le contenu.<\/p>\n<p>Cependant, nous ne pouvons garantir l\u2019exactitude, la pr\u00e9cision ou l\u2019exhaustivit\u00e9 de toutes les informations de notre site c\u2019est pourquoi nous d\u00e9clinons toute responsabilit\u00e9 r\u00e9sultant d\u2019une intrusion frauduleuse d\u2019un tiers ayant entra\u00een\u00e9 une modification des informations mises \u00e0 la disposition sur le site et plus g\u00e9n\u00e9ralement de tous dommages, directs ou indirects, quelles qu\u2019en soient les causes, origines, natures ou cons\u00e9quences, provoqu\u00e9s en raison de l\u2019acc\u00e8s de quiconque au site ou de l\u2019impossibilit\u00e9 d\u2019y acc\u00e9der de l\u2019utilisation du Site et\/ ou du cr\u00e9dit accord\u00e9 \u00e0 une quelconque information provenant directement ou indirectement de ce dernier.<\/p>\n<p>Les pr\u00e9sentes conditions g\u00e9n\u00e9rales de vente r\u00e9gissent exclusivement les ventes de produits propos\u00e9s sur notre site. Elles sont syst\u00e9matiquement accessibles sur le pr\u00e9sent Site par l\u2019acheteur au moment de l\u2019enregistrement de la commande. En cons\u00e9quence, le fait de passer commande, implique l\u2019adh\u00e9sion enti\u00e8re et sans r\u00e9serve de l\u2019acheteur \u00e0 ces conditions g\u00e9n\u00e9rales de vente. Toute condition contraire pos\u00e9e par l\u2019acheteur sera donc, \u00e0 d\u00e9faut d\u2019acceptation expresse, inopposable au vendeur quel que soit le moment o\u00f9 elle aura pu \u00eatre port\u00e9e \u00e0 sa connaissance. Le fait que le vendeur ne se pr\u00e9vale pas \u00e0 un moment donn\u00e9 d\u2019une quelconque des pr\u00e9sentes conditions g\u00e9n\u00e9rales de vente, ne peut \u00eatre interpr\u00e9t\u00e9 comme valant renonciation \u00e0 se pr\u00e9valoir ult\u00e9rieurement de l\u2019une quelconque desdites conditions.<\/p>\n<p>L\u2019Acheteur pr\u00e9alablement \u00e0 sa commande, d\u00e9clare avoir la pleine capacit\u00e9 juridique, lui permettant de s\u2019engager au titre des pr\u00e9sentes conditions g\u00e9n\u00e9rales de vente.<\/p>\n<p>Conform\u00e9ment aux dispositions des articles 1316 \u00e0 1316-4 du Code civil, compl\u00e9t\u00e9es par le D\u00e9cret n\u00b0 2001-272 du 30 mars 2001, pris pour l\u2019application de l\u2019article 1316-4 du code civil et relatif \u00e0 la signature \u00e9lectronique, il est rappel\u00e9 que la validation du bon de commande telle que pr\u00e9cis\u00e9e \u00e0 l\u2019article 3 ci-apr\u00e8s, constitue une signature \u00e9lectronique qui a, entre les Parties, la m\u00eame valeur qu\u2019une signature manuscrite.<\/p>\n<p>SARL ZANZIBAR PRODUCTION se r\u00e9serve le droit de modifier \u00e0 tout moment les pr\u00e9sentes conditions g\u00e9n\u00e9rales de vente. Dans ce cas, les conditions applicables seront celles en vigueur \u00e0 la date de la commande par l\u2019acheteur.<\/p>\n<h2><strong>2. Produits et prix<\/strong><\/h2>\n<h3><strong>2.1. Produits<\/strong><\/h3>\n<p>Conform\u00e9ment \u00e0 l\u2019article L. 111-1 du code de la consommation, l\u2019Utilisateur peut, pr\u00e9alablement \u00e0 sa commande, prendre connaissance, sur le Site Bidexka, des caract\u00e9ristiques essentielles du ou des produits qu\u2019il d\u00e9sire commander.<\/p>\n<p>Toutes les offres de produits propos\u00e9es sur le Site sont limit\u00e9es \u00e0 la France M\u00e9tropolitaine et \u00e0 la Corse.<\/p>\n<h3><strong>2.2. Prix<\/strong><\/h3>\n<p>Les prix de vente des produits en ligne sur notre site Internet indiqu\u00e9s en euros, toutes taxes comprises sont ceux en vigueur au moment de l\u2019enregistrement du bon de commande par l\u2019Acheteur.<\/p>\n<p>Ils ne comprennent pas les frais d\u2019exp\u00e9dition, factur\u00e9s en suppl\u00e9ment du prix des produits achet\u00e9s suivant le montant de la commande. Les frais d\u2019exp\u00e9dition seront indiqu\u00e9s avant l\u2019enregistrement de la commande par l\u2019Acheteur.<\/p>\n<p>Les prix de vente des produits peuvent \u00eatre modifi\u00e9s par ZANZIBAR PRODUCTION \u00e0 tout moment. Cette modification sera signal\u00e9e \u00e0 l\u2019Acheteur avant toute commande.<\/p>\n<p>Les produits demeurent l\u2019enti\u00e8re propri\u00e9t\u00e9 de ZANZIBAR PRODUCTION jusqu\u2019au complet encaissement du prix par ZANZIBAR PRODUCTION.<\/p>\n<h2><strong>3. Enregistrement et validation de la commande<\/strong><\/h2>\n<p>L\u2019Utilisateur peut prendre connaissance des diff\u00e9rents Produits propos\u00e9s \u00e0 la vente par ZANZIBAR PRODUCTION sur son Site. Il peut naviguer librement sur les diff\u00e9rentes pages du Site, sans pour autant \u00eatre engag\u00e9 au titre d\u2019une commande.<\/p>\n<p>Toute commande suppose l\u2019adh\u00e9sion sans restriction ni r\u00e9serve aux pr\u00e9sentes conditions g\u00e9n\u00e9rales de vente.<\/p>\n<p>Lorsque vous confirmez votre commande en cliquant sur le bouton \u201cconfirmer\u201d, vous d\u00e9clarez accepter celle-ci ainsi que l\u2019int\u00e9gralit\u00e9 des pr\u00e9sentes conditions g\u00e9n\u00e9rales de vente pleinement et sans r\u00e9serve. Votre commande est alors trait\u00e9e afin que vous puissiez recevoir votre colis. Vous pouvez imprimer votre bon de commande depuis l&#8217;email de confirmation de commande. D\u00e8s l\u2019enregistrement de votre commande, un accus\u00e9 de r\u00e9ception d\u00e9taill\u00e9 de celle-ci vous sera envoy\u00e9 \u00e0 votre adresse email. Cet accus\u00e9 de r\u00e9ception vous pr\u00e9cisera le montant exact factur\u00e9 et les modalit\u00e9s de livraison de votre commande. Cet accus\u00e9 de r\u00e9ception vaut acceptation de votre commande et validera la transaction. Vous acceptez que nos syst\u00e8mes d\u2019enregistrement de la commande vaillent preuve de la nature de la convention et de sa date.<\/p>\n<p>Nous nous r\u00e9servons cependant le droit d\u2019annuler toute commande d\u2019un client avec lequel il existerait un litige relatif au paiement d\u2019une commande ant\u00e9rieure.<\/p>\n<h2><strong>4. Paiement<\/strong><\/h2>\n<p>Le paiement doit \u00eatre r\u00e9alis\u00e9 lors de la commande par l\u2019Acheteur. A aucun moment, les sommes vers\u00e9es ne pourront \u00eatre consid\u00e9r\u00e9es comme des arrhes ou acomptes.<br \/>\nToutes les commandes sont payables en euros. L\u2019Acheteur garantit \u00e0 ZANZIBAR PRODUCTION qu\u2019il dispose des autorisations \u00e9ventuellement n\u00e9cessaires pour utiliser le mode de paiement qu\u2019il aura choisi, lors de l\u2019enregistrement du bon de commande.<\/p>\n<p>ZANZIBAR PRODUCTION se r\u00e9serve le droit de suspendre ou d\u2019annuler toute commande et\/ou livraison, quelle que soit sa nature et niveau d\u2019ex\u00e9cution, en cas de non-paiement de toute somme qui serait due par l\u2019Acheteur, en cas d\u2019incident de paiement ou en cas de litige existant avec l\u2019Acheteur.<\/p>\n<p>Dans le cadre de la lutte contre les fraudes sur Internet, les informations relatives \u00e0 votre commande pourront \u00eatre transmises \u00e0 tout tiers pour v\u00e9rification.<\/p>\n<p>Pour r\u00e9gler sa commande, l\u2019Acheteur dispose des modes de paiement suivants : carte bancaire (service de paiement s\u00e9curis\u00e9 STRIPE) ou PayPal.<\/p>\n<p>En cas de paiement par carte bancaire, le compte de l\u2019acheteur sera d\u00e9bit\u00e9 le jour de sa commande.<\/p>\n<h2><strong>5. Livraison et r\u00e9ception<\/strong><\/h2>\n<p>Les produits seront fabriqu\u00e9s et livr\u00e9s \u00e0 l\u2019adresse indiqu\u00e9e par l\u2019Acheteur sur le bon de commande, destination qui doit \u00eatre coh\u00e9rente avec la zone g\u00e9ographique pr\u00e9c\u00e9demment convenue, et s\u2019entendent au d\u00e9part d&#8217;ANGLET.<\/p>\n<p>Faute de respect des proc\u00e9dures expos\u00e9es ci-dessous, aucune r\u00e9clamation de l\u2019Acheteur ne sera accept\u00e9e.<\/p>\n<p>La livraison des colis est assur\u00e9e par DPD France \u00e0 domicile ou dans son r\u00e9seau de points relais.<\/p>\n<p>L\u2019Acheteur est tenu de v\u00e9rifier, en pr\u00e9sence du livreur ou du commer\u00e7ant en point relais, l\u2019\u00e9tat de l\u2019emballage de la marchandise et son contenu \u00e0 la livraison.<\/p>\n<p>Dans l\u2019hypoth\u00e8se o\u00f9 l\u2019Acheteur aurait un quelconque doute de quelque nature que ce soit sur l\u2019\u00e9tat ou le contenu de son colis, il est tenu : <br \/>\n\u2013 d\u2019appliquer la proc\u00e9dure DPD France (notamment signaler les dommages dus, toutes r\u00e9clamations et r\u00e9serves) et de refuser la marchandise en \u00e9mettant imm\u00e9diatement un constat d\u2019anomalie imm\u00e9diatement aupr\u00e8s de son interlocuteur. <br \/>\n\u2013 de signaler ces incidents dans les 48h \u00e0 ZANZIBAR PRODUCTION \u00e0 web@zanzibar.fr en pr\u00e9cisant le num\u00e9ro de commande.<\/p>\n<p>Les d\u00e9lais de fabrication et de livraison, suite \u00e0 validation de votre commande, par DPD France sont pour la France, 5 \u00e0 7 jours ouvr\u00e9s.<\/p>\n<p>Les Produits sont propos\u00e9s dans la limite des stocks disponibles. En cas d\u2019indisponibilit\u00e9 de l\u2019un des Produits, l\u2019Acheteur en sera inform\u00e9 au plus t\u00f4t.<br \/>\nL\u2019Acheteur aura la possibilit\u00e9 d\u2019annuler sa commande en sollicitant le remboursement des sommes vers\u00e9es dans les trente (30) jours au plus tard apr\u00e8s leur pr\u00e9l\u00e8vement, par e-mail adress\u00e9 \u00e0 web@zanzibar.fr.<\/p>\n<h2><strong>6. Droit de r\u00e9tractation<\/strong><\/h2>\n<p>Conform\u00e9ment \u00e0 l\u2019article L. 121-20 du code de la consommation, l\u2019Acheteur dispose d\u2019un d\u00e9lai de 14 jours francs \u00e0 compter de la date de r\u00e9ception, pour retourner \u00e0 ses frais, les produits command\u00e9s, pour remboursement.<\/p>\n<p>Les produits doivent imp\u00e9rativement \u00eatre retourn\u00e9s \u00e0 SARL ZANZIBAR PRODUCTION \u2013 Les Arches \u2013 2 route de Pitoys 64600 ANGLET, dans un parfait \u00e9tat de revente, dans leur \u00e9tat d\u2019origine (emballage, accessoires, notice\u2026), d\u00fbment scell\u00e9s.<\/p>\n<p>Quand un acheteur retourne des produits, tout risque li\u00e9 au retour du produit est \u00e0 la charge de l\u2019acheteur. ZANZIBAR PRODUCTION n\u2019acceptera pas les colis adress\u00e9s en port d\u00fb.<\/p>\n<p>Faute de respect de la proc\u00e9dure expos\u00e9e ci-dessus et des d\u00e9lais indiqu\u00e9s pr\u00e9c\u00e9demment, l\u2019acheteur ne pourra formuler aucune r\u00e9clamation pour non-conformit\u00e9 ou vice apparent des produits livr\u00e9s, les produits \u00e9tant alors r\u00e9put\u00e9s conformes et exempts de tout vice apparent.<\/p>\n<h2><strong>7. Interdiction de revente<\/strong><\/h2>\n<p>Il est interdit d\u2019acheter nos produits aux fins de revente, notamment sur des sites internet.<\/p>\n<h2><strong>8. R\u00e9serve de propri\u00e9t\u00e9<\/strong><\/h2>\n<p>ZANZIBAR PRODUCTION conserve la propri\u00e9t\u00e9 pleine et enti\u00e8re des produits vendus jusqu\u2019au parfait encaissement du prix, en principal, frais et taxes compris.<\/p>\n<h2><strong>9. Responsabilit\u00e9<\/strong><\/h2>\n<p>ZANZIBAR PRODUCTION ne pourra \u00eatre tenue pour responsable de l\u2019inex\u00e9cution du contrat en cas de rupture de stock ou indisponibilit\u00e9 du produit du fait d\u2019un cas de force majeure, de perturbation ou gr\u00e8ve totale ou partielle notamment des services postaux et moyens de transport et\/ou communications. Les produits propos\u00e9s sont conformes \u00e0 la l\u00e9gislation fran\u00e7aise en vigueur. ZANZIBAR PRODUCTION, rappelle que toute cr\u00e9ation de lien hypertexte vers le pr\u00e9sent Site, est soumise \u00e0 l\u2019accord expr\u00e8s, pr\u00e9alable et \u00e9crit de ZANZIBAR PRODUCTION. Si une ou plusieurs stipulations des pr\u00e9sentes conditions g\u00e9n\u00e9rales de vente sont tenues pour non valides ou d\u00e9clar\u00e9es comme telles en application d\u2019une loi, d\u2019un r\u00e8glement ou \u00e0 la suite d\u2019une d\u00e9cision d\u00e9finitive d\u2019une juridiction comp\u00e9tente, les autres stipulations garderont toute leur force et leur port\u00e9e. Le fait pour l\u2019une des parties de ne pas se pr\u00e9valoir d\u2019un manquement aupr\u00e8s de l\u2019autre partie \u00e0 l\u2019une quelconque des obligations vis\u00e9es au sein des pr\u00e9sentes conditions g\u00e9n\u00e9rales de vente ne saurait \u00eatre interpr\u00e9t\u00e9 pour l\u2019avenir comme une renonciation \u00e0 l\u2019obligation en cause. En cas de diff\u00e9rends ou litiges qui viendraient \u00e0 se produire \u00e0 la suite ou \u00e0 l\u2019occasion d\u2019un contrat conclu entre ZANZIBAR PRODUCTION et le Client, ils pourront \u00eatre r\u00e9solus par voie de m\u00e9diation\/conciliation. Conform\u00e9ment \u00e0 la loi n\u00b078-17 du 6 janvier 1978 relative \u00e0 l\u2019informatique, aux fichiers et aux libert\u00e9s, le traitement des informations nominatives collect\u00e9es sur le Site a fait l\u2019objet d\u2019une d\u00e9claration aupr\u00e8s de la Commission Nationale de l\u2019Informatique et des Libert\u00e9s. L\u2019Utilisateur dispose d\u2019un droit d\u2019acc\u00e8s, de modification, de rectification et de suppression des donn\u00e9es le concernant. Pour exercer ce droit, l\u2019Utilisateur devra adresser un courrier postal au service clients de SARL ZANZIBAR PRODUCTION &#8211; Les Arches, 2 route de Pitoys 64600 Anglet.<\/p>\n<h2><strong>10. Propri\u00e9t\u00e9 intellectuelle<\/strong><\/h2>\n<p>Tous les \u00e9l\u00e9ments du site de ZANZIBAR PRODUCTION sont la propri\u00e9t\u00e9 intellectuelle et exclusive de ZANZIBAR PRODUCTION. Personne n\u2019est autoris\u00e9 \u00e0 reproduire, exploiter, rediffuser, ou utiliser \u00e0 quelque titre que ce soit, m\u00eame partiellement, des \u00e9l\u00e9ments du site qu\u2019ils soient logiciels, visuels ou sonores.<\/p>\n<p>La reproduction ou l\u2019utilisation de tout ou partie de ces \u00e9l\u00e9ments est seulement autoris\u00e9e aux fins exclusives d\u2019information pour un usage personnel et priv\u00e9, toute reproduction et toute utilisation de copies r\u00e9alis\u00e9es \u00e0 d\u2019autres fins \u00e9tant express\u00e9ment interdites. Toute autre utilisation est constitutive de contrefa\u00e7on et sanctionn\u00e9e au titre de la Propri\u00e9t\u00e9 Intellectuelle, sauf autorisation pr\u00e9alable et \u00e9crite de ZANZIBAR PRODUCTION.<\/p>\n<h2><strong>11. Loi applicable et juridiction comp\u00e9tente<\/strong><\/h2>\n<p>Les ventes de produits de la soci\u00e9t\u00e9 ZANZIBAR PRODUCTION sont soumises \u00e0 la loi fran\u00e7aise. La langue du pr\u00e9sent contrat est la langue fran\u00e7aise.<\/p>\n<p>Tout litige relatif \u00e0 l\u2019interpr\u00e9tation, l\u2019ex\u00e9cution ou la rupture du contrat conclu entre ZANZIBAR PRODUCTION et l\u2019Acheteur, m\u00eame en cas de pluralit\u00e9 de d\u00e9fendeurs, sera, \u00e0 d\u00e9faut d\u2019accord amiable, de la comp\u00e9tence exclusive des tribunaux Fran\u00e7ais.<\/p>\n<h2><strong>12. Service consommateurs<\/strong><\/h2>\n<p>Pour toute information, question ou conseil, notre service consommateur est \u00e0 votre disposition :<\/p>\n<p>Par Courrier :<\/p>\n<p><strong>ZANZIBAR PRODUCTION<\/strong><br \/>\nLes Arches<br \/>\n2 route de Pitoys<br \/>\n64600 Anglet<\/p>\n<p>Par Mail : <a title=\"mailto:contact@bidean.eus\" href=\"mailto:web@zanzibar.fr\">web@zanzibar.fr<\/a><\/p>\n","protected":false},"excerpt":{"rendered":"<p>1. Informations g\u00e9n\u00e9rales La boutique en ligne https:\/\/www.bidexka.eus est \u00e9dit\u00e9e par la SARL ZANZIBAR PRODUCTION au capital de 47 020\u20ac RCS BAYONNE 435 367 404. Si\u00e8ge social : Les Arches, 2 route de Pitoys, 64600 Anglet France. Nous veillons \u00e0 l\u2019exactitude et \u00e0 la mise \u00e0 jour de toutes les informations diffus\u00e9es sur notre Site, [&hellip;]<\/p>\n","protected":false},"author":1,"featured_media":0,"parent":0,"menu_order":0,"comment_status":"closed","ping_status":"closed","template":"","meta":{"_acf_changed":false,"_monsterinsights_skip_tracking":false,"_monsterinsights_sitenote_active":false,"_monsterinsights_sitenote_note":"","_monsterinsights_sitenote_category":0,"footnotes":""},"class_list":["post-2375","page","type-page","status-publish","hentry","post-item"],"acf":[],"aioseo_notices":[],"_links":{"self":[{"href":"https:\/\/www.bidexka.eus\/eu\/wp-json\/wp\/v2\/pages\/2375","targetHints":{"allow":["GET"]}}],"collection":[{"href":"https:\/\/www.bidexka.eus\/eu\/wp-json\/wp\/v2\/pages"}],"about":[{"href":"https:\/\/www.bidexka.eus\/eu\/wp-json\/wp\/v2\/types\/page"}],"author":[{"embeddable":true,"href":"https:\/\/www.bidexka.eus\/eu\/wp-json\/wp\/v2\/users\/1"}],"replies":[{"embeddable":true,"href":"https:\/\/www.bidexka.eus\/eu\/wp-json\/wp\/v2\/comments?post=2375"}],"version-history":[{"count":6,"href":"https:\/\/www.bidexka.eus\/eu\/wp-json\/wp\/v2\/pages\/2375\/revisions"}],"predecessor-version":[{"id":4135,"href":"https:\/\/www.bidexka.eus\/eu\/wp-json\/wp\/v2\/pages\/2375\/revisions\/4135"}],"wp:attachment":[{"href":"https:\/\/www.bidexka.eus\/eu\/wp-json\/wp\/v2\/media?parent=2375"}],"curies":[{"name":"wp","href":"https:\/\/api.w.org\/{rel}","templated":true}]}}